{"id":659,"date":"2024-05-06T13:41:11","date_gmt":"2024-05-06T13:41:11","guid":{"rendered":"https:\/\/aguardela.com\/blog\/?page_id=659"},"modified":"2024-05-14T17:25:06","modified_gmt":"2024-05-14T17:25:06","slug":"rui-lage","status":"publish","type":"page","link":"https:\/\/aguardela.com\/blog\/rui-lage\/","title":{"rendered":"Rui Lage"},"content":{"rendered":"<h2>Que escurid\u00e3o esta, Senhor<\/h2>\n<p><strong><em>Rui Lage<\/em><\/strong><\/p>\n<p>Aboios a toque de sampler<br \/>\ne flauta midi \u2013 \u00f3 v\u00f3s omnes<br \/>\nn\u00f3s daqui e v\u00f3s da\u00ed.<br \/>\nMegafone levado \u00e0 boca<br \/>\nde aldeias perdidas,<br \/>\na naifa guardada no bolso<br \/>\npara o que der e vier<br \/>\nemboscar o cora\u00e7\u00e3o,<br \/>\ninquilino sinuoso<br \/>\nacompanhado \u00e0 guitarra.<\/p>\n<p>Auto da cria\u00e7\u00e3o do mundo<br \/>\nnos baldios da Parede<br \/>\nou no pa\u00eds sentado ao sol interior,<br \/>\ncom mulheres de negro,<br \/>\ncantadeiras e tamborileiros<br \/>\nonde alguns, poucos,<br \/>\nde gravador a tiracolo<br \/>\niam buscar o que restava<br \/>\nde maias e alvoradas,<br \/>\ncan\u00e7\u00f5es de ber\u00e7o, mondas,<br \/>\nsementeiras, segadas<br \/>\ne olhinhos verdes<br \/>\nem romagem de puro amor.<\/p>\n<p>Tradi\u00e7\u00e3o, cara senhora,<br \/>\ndecerto me desculpais<br \/>\nmas j\u00e1 n\u00e3o tinha est\u00f4mago<br \/>\npara isto, o meu talento<br \/>\nera de anjo marinheiro,<br \/>\ne as cordas do meu baixo<br \/>\nl\u00e2minas de arado.<\/p>\n<p>Mas agora quem fica para escutar<br \/>\nesse pa\u00eds sitiado?<\/p>\n<p>E quem fica para toc\u00e1-lo?<\/p>\n<h3>Rui Lage<\/h3>\n<p>Rui Lage nasceu no Porto em 1975, filho de transmontanos e neto de agricultores. Publicou nas Edi\u00e7\u00f5es Quasi, entre 2002 e 2008, os livros de poesia \u201cAntigo e Primeiro\u201d, \u201cBer\u00e7\u00e1rio\u201d, \u201cRev\u00f3lver\u201d e \u201cCorvo\u201d. \u00c9 tamb\u00e9m autor de teatro, ensaio e literatura para a inf\u00e2ncia. Traduziu obras de Paul Auster, Pablo Neruda e Samuel Beckett, entre outros. Co-fundou a revista de literatura, m\u00fasica e artes visuais \u201caguasfurtadas\u201d, e pertence \u00e0 direc\u00e7\u00e3o da Funda\u00e7\u00e3o Eug\u00e9nio de Andrade. \u00c9 respons\u00e1vel, juntamente com Jorge Reis-S\u00e1, pela organiza\u00e7\u00e3o, selec\u00e7\u00e3o e introdu\u00e7\u00e3o da obra \u201cPoemas Portugueses: Antologia da Poesia Portuguesa do s\u00e9c. XIII ao s\u00e9c. XXI\u201d (no prelo). Encontra-se a ultimar a sua tese de doutoramento na FLUP, intitulada \u201cPerda, Luto e Desengano\u201d.<\/p>\n<p><a href=\"http:\/\/valacomum.blog.com\/\">http:\/\/valacomum.blog.com\/<\/a><\/p>\n","protected":false},"excerpt":{"rendered":"<p>Que escurid\u00e3o esta, Senhor Rui Lage Aboios a toque de sampler e flauta midi \u2013 \u00f3 v\u00f3s omnes n\u00f3s daqui e v\u00f3s da\u00ed. Megafone levado \u00e0 boca de aldeias perdidas, &#8230;<\/p>\n","protected":false},"author":1,"featured_media":0,"parent":0,"menu_order":0,"comment_status":"closed","ping_status":"closed","template":"","meta":{"ngg_post_thumbnail":0,"footnotes":""},"class_list":["post-659","page","type-page","status-publish","hentry"],"_links":{"self":[{"href":"https:\/\/aguardela.com\/blog\/wp-json\/wp\/v2\/pages\/659","targetHints":{"allow":["GET"]}}],"collection":[{"href":"https:\/\/aguardela.com\/blog\/wp-json\/wp\/v2\/pages"}],"about":[{"href":"https:\/\/aguardela.com\/blog\/wp-json\/wp\/v2\/types\/page"}],"author":[{"embeddable":true,"href":"https:\/\/aguardela.com\/blog\/wp-json\/wp\/v2\/users\/1"}],"replies":[{"embeddable":true,"href":"https:\/\/aguardela.com\/blog\/wp-json\/wp\/v2\/comments?post=659"}],"version-history":[{"count":4,"href":"https:\/\/aguardela.com\/blog\/wp-json\/wp\/v2\/pages\/659\/revisions"}],"predecessor-version":[{"id":957,"href":"https:\/\/aguardela.com\/blog\/wp-json\/wp\/v2\/pages\/659\/revisions\/957"}],"wp:attachment":[{"href":"https:\/\/aguardela.com\/blog\/wp-json\/wp\/v2\/media?parent=659"}],"curies":[{"name":"wp","href":"https:\/\/api.w.org\/{rel}","templated":true}]}}