{"id":660,"date":"2024-05-06T13:41:11","date_gmt":"2024-05-06T13:41:11","guid":{"rendered":"https:\/\/aguardela.com\/blog\/?page_id=660"},"modified":"2024-05-14T17:23:02","modified_gmt":"2024-05-14T17:23:02","slug":"ricardo-alexandre","status":"publish","type":"page","link":"https:\/\/aguardela.com\/blog\/ricardo-alexandre\/","title":{"rendered":"Ricardo Alexandre"},"content":{"rendered":"<h2>O meu primo s\u00f3 faz uma coisa de cada vez<\/h2>\n<p><strong><em>Ricardo Alexandre<\/em><\/strong><\/p>\n<p>Eu tinha chegado n\u00e3o havia dois dias \u00e0quela terra onde o frio \u00e9 mais frio mas o vinho \u00e9 mais quente. Fica perto da grande cidade, mas estranhamente t\u00e3o longe de tudo, como ficam todas as terras cujo nome n\u00e3o associamos \u00e0 sa\u00edda de qualquer lan\u00e7o de auto-estrada. Recebeste-me com um abra\u00e7o como s\u00f3 tu davas, nem muito forte nem muito fraco, mas tremendamente sentido e com uma envolvencia de gestos que eram teus, n\u00e3o podiam ser de outro nem de mais ningu\u00e9m.<\/p>\n<p>Recebeste-me com uma frase da qual ainda nos ririamos mais tarde, como nos r\u00edamos tanto de tanta coisa que dava vontade de rir e at\u00e9 de chorar:<\/p>\n<p>&#8211; Benvindo ao CRAT, Centro de Recupera\u00e7\u00e3o Afectiva do Turvel!<\/p>\n<p>Bem precisava de uma institui\u00e7\u00e3o assim, depois da francesa que conhecera um ano antes me ter deixado na merda no estranho auge de um amor secreto num Ver\u00e3o prolongado at\u00e9 ao final do ano, quando finalmente decidiu reatar com o primeiro homem que conhecera, que a queria em casa, afastada da profiss\u00e3o, s\u00f3 a pintar. Coisa francesa, portanto. Valerie decidira ceder \u00e0s press\u00f5es da m\u00e3e. Coitada, card\u00edaca se bem que manipuladora at\u00e9 \u00e0 exaust\u00e3o. E para mais, o Pierre ainda era visita de casa e at\u00e9 s\u00f3cio do pai dela. Grande estatuto para um ex. Rapidamente deixou de o ser. Ex. Passou a noivo. E eu l\u00e1 levei o coice. Sem pestanejar. Tamb\u00e9m ia fazer o qu\u00ea? Matar o estrangeiro? N\u00e3o, nem pensar! Eu creio na revolu\u00e7\u00e3o e amo este pa\u00eds mas nunca me deu para matar ningu\u00e9m!<br \/>\nQue tenha um andar novo, foi o que desejei na altura. Mas nunca uma trag\u00e9dia do tipo Olival \u00e0 Gra\u00e7a&#8230;<\/p>\n<p>Mas assim te apareci. Meio esfrangalhado. Com vontade de te contar tudo em pormenor. Estavas tu em pause na tua rela\u00e7\u00e3o de vida, que nunca deixou de ser, fazendo agora o rewind, um play admir\u00e1vel e um rec invejado. O par mais perfeito que j\u00e1 conheci. Deliciosamente incorporando defeitos e virtudes m\u00fatuos.<\/p>\n<p>Pois, foi no Turvel. Deste-me a\u00ed a ouvir, pela primeira vez, can\u00e7\u00f5es que nem sequer eram subterr\u00e2neas. Sabia que estavas h\u00e1 muito a criar algo diferente, mas nunca imaginei que soasse assim t\u00e3o bem. Gostei \u00e0 primeira. E gostei ainda mais \u00e0 segunda, \u00e0 terceira. Entranha-se sem se ter estranhado. Convers\u00e1mos imenso sobre as nossas vidas, talvez mais sobre a minha atribulada exist\u00eancia sentimental, sobre m\u00fasica tamb\u00e9m.<\/p>\n<p>Adormecemos tarde e tarde acord\u00e1mos. Depois de um almo\u00e7o meio improvisado &#8211; mesmo em tua casa, tinhas sempre o cuidado de perguntar se eu alinhava nisto ou naquilo para almo\u00e7ar &#8211; fomos ao caf\u00e9, fumaste o cigarro e fomos ao encontro da oficina de um primo teu que eu n\u00e3o conhecia mas que, pelos vistos era a pessoa ideal, ou talvez a \u00fanica dispon\u00edvel naquela terra de estrada para Algures, para resolver o problema no teu carro verde antigo, deliciosamente tipo banheira. Conversaste a\u00ed tipo meia hora com o tal primo que me perdoe mas cujo nome n\u00e3o recordo e sa\u00edmos. Sem perguntares pelo que podia ele fazer pelo teu carro, muito menos deixaste as chaves com ele. Estranhei e perguntei. Respondeste de imediato:<\/p>\n<p>&#8211; Ricky, n\u00e3o viste que o meu primo estava a arranjar um cami\u00e3o? Achas que ele se ia ocupar de mais de uma coisa ao mesmo tempo? O meu primo s\u00f3 faz uma coisa de cada vez.<\/p>\n<p>Por vezes penso que tamb\u00e9m tu eras assim. Uma coisa de cada vez. Agora isto, depois aquilo. N\u00e3o misturar. Talvez os g\u00e9nios como tu sejam assim: concentram-se em apenas uma coisa, empenham-se e colocam a\u00ed todo o seu talento e depois sai a obra-de-arte. Diferente, inovadora, a rasgar horizonte, como tu fizeste em disco dezena e meia de vezes, em palco v\u00e1rias centenas. Com tempo. At\u00e9 a mar\u00e9 encher.<\/p>\n<p>\u00c9 isto. Como tu come\u00e7avas tantas vezes cada frase para explicares aquilo que te ia na alma, nessa grande alma sem inclina\u00e7\u00e3o para o mal, dizias assim. &#8220;Basicamente&#8230;&#8221;<\/p>\n<p>Imagino que hoje ainda vivo na tua casa da Feliciano Castilho. Esta noite passo eu pela churrasqueira pequena junto \u00e0 esta\u00e7\u00e3o e levo o frango e meio para nos lambuzarmos, mais o arroz e as cervejas.<\/p>\n<p>At\u00e9 j\u00e1, Amigo!<\/p>\n<p>Ricardo Alexandre<\/p>\n<p>Ricardo Alexandre Encarna\u00e7\u00e3o Sousa<\/p>\n<p>Nascido a 26 de Novembro de 1970, na cidade do Porto. Jornalista profissional desde 1989. Carteira profissional n\u00ba 2004.<\/p>\n<p>Director Adjunto de Informa\u00e7\u00e3o da RDP desde Novembro de 2005, quadro superior do grupo RTP, SGPS. Apresenta na Antena1 o programa semanal de informa\u00e7\u00e3o Vis\u00e3o Global, sucedendo ao programa Mais Europa. Editor de Sociedade\/Coordenador da RTP entre Agosto de 2001, exercendo fun\u00e7\u00f5es na RTP-Porto, e Dezembro de 2004. Jornalista da RDP-Antena 1 de Mar\u00e7o de 1993 a Julho 2001, tendo por diversas vezes assumido o cargo de Chefe de Redac\u00e7\u00e3o \/ Editor. J\u00e1 publicou reportagens e cr\u00f3nicas nos jornais P\u00fablico, Jornal de Not\u00edcias, Record, Not\u00edcias Magazine, Seman\u00e1rio, DNA e SETE. \u00c9 autor dos livros Ir\u00e3o: o pa\u00eds nuclear (Ambar, 2006, com pref\u00e1cio de Jorge Sampaio), Por Uma Vida Normal \u2013 Guerra e Paz na Jugosl\u00e1via, (Campo das Letras, 2002) e Palestina, Viver na Intifada (Sete Caminhos, 2004).Pr\u00e9mio Reportagem R\u00e1dio do Clube Portugu\u00eas de Imprensa, 1999, com o trabalho \u00abJugosl\u00e1via, Cicatrizes para o Futuro\u00bb. Pr\u00e9mio Rep\u00f3rter R\u00e1dio da Casa da Imprensa \/ Pr\u00e9mio Maria Leonor, \u00abpor um conjunto de trabalhos\u00bb, 2005. FACTOS RECENTES Em Setembro de 2008 foi indicado pela empresa RTP para desenvolver ac\u00e7\u00e3o de forma\u00e7\u00e3o profissional na R\u00e1dio Mo\u00e7ambique (Beira). Em Julho de 2007, foi enviado especial da Antena1 e RTP \u00e0 S\u00e9rvia, para acompanhamento da situa\u00e7\u00e3o de instabilidade gerada pelo atraso na defini\u00e7\u00e3o do estatuto da prov\u00edncia do Kosovo, tendo realizado posteriormente uma Grande Reportagem para a r\u00e1dio e outra para a televis\u00e3o. Em Setembro de 2006 foi enviado especial da Antena1 a Nova Iorque para realizar e apresentar emiss\u00f5es especiais cobre o quinto anivers\u00e1rio dos atentados de 11 de Setembro. Em Maio de 2006 foi enviado especial da Antena1 ao Ir\u00e3o, quando estava ainda no in\u00edcio o mais recente confronto pol\u00edtico e diplom\u00e1tico por causa do programa energ\u00e9tico nuclear iraniano. Em Setembro de 2005, foi enviado especial \u00e0 Cro\u00e1cia, B\u00f3snia Herzegovina e S\u00e9rvia, para acompanhamento da situa\u00e7\u00e3o pol\u00edtica na conturbada regi\u00e3o dos Balc\u00e3s. Em Junho de 2005 foi indicado pela empresa RTP para desenvolver ac\u00e7\u00e3o de forma\u00e7\u00e3o profissional na R\u00e1dio Mo\u00e7ambique (Maputo). Em Maio de 2005 foi enviado especial da RDP-Antena 1 a Inglaterra para a cobertura das elei\u00e7\u00f5es gerais no Reino Unido. Em 2004 foi autor de uma Grande Reportagem sobre o turismo em S\u00e3o Tom\u00e9 e Pr\u00edncipe para a RTPN. Em Junho de 2003 foi enviado da RTP ao Pa\u00eds Basco espanhol e \u00e0 L\u00edbia. Em 2001 foi enviado especial da RTP ao Afeganist\u00e3o, tendo sido o primeiro jornalista da televis\u00e3o portuguesa a chegar a Cabul ap\u00f3s a queda do regime talib\u00e3. Ainda em 2001, antes de se transferir para a televis\u00e3o p\u00fablica, fez para a RDP-Antena1 a cobertura da campanha presidencial de Jorge Sampaio, foi enviado especial da RDP \u00e0 Jugosl\u00e1via (a prop\u00f3sito das elei\u00e7\u00f5es na rep\u00fablica do Montenegro e da deten\u00e7\u00e3o de Slobodan Milosevic) e ao M\u00e9dio Oriente (Israel e territ\u00f3rios \u00e1rabes ocupados).<\/p>\n","protected":false},"excerpt":{"rendered":"<p>O meu primo s\u00f3 faz uma coisa de cada vez Ricardo Alexandre Eu tinha chegado n\u00e3o havia dois dias \u00e0quela terra onde o frio \u00e9 mais frio mas o vinho &#8230;<\/p>\n","protected":false},"author":1,"featured_media":0,"parent":0,"menu_order":0,"comment_status":"closed","ping_status":"closed","template":"","meta":{"ngg_post_thumbnail":0,"footnotes":""},"class_list":["post-660","page","type-page","status-publish","hentry"],"_links":{"self":[{"href":"https:\/\/aguardela.com\/blog\/wp-json\/wp\/v2\/pages\/660","targetHints":{"allow":["GET"]}}],"collection":[{"href":"https:\/\/aguardela.com\/blog\/wp-json\/wp\/v2\/pages"}],"about":[{"href":"https:\/\/aguardela.com\/blog\/wp-json\/wp\/v2\/types\/page"}],"author":[{"embeddable":true,"href":"https:\/\/aguardela.com\/blog\/wp-json\/wp\/v2\/users\/1"}],"replies":[{"embeddable":true,"href":"https:\/\/aguardela.com\/blog\/wp-json\/wp\/v2\/comments?post=660"}],"version-history":[{"count":5,"href":"https:\/\/aguardela.com\/blog\/wp-json\/wp\/v2\/pages\/660\/revisions"}],"predecessor-version":[{"id":954,"href":"https:\/\/aguardela.com\/blog\/wp-json\/wp\/v2\/pages\/660\/revisions\/954"}],"wp:attachment":[{"href":"https:\/\/aguardela.com\/blog\/wp-json\/wp\/v2\/media?parent=660"}],"curies":[{"name":"wp","href":"https:\/\/api.w.org\/{rel}","templated":true}]}}