{"id":665,"date":"2024-05-06T13:41:11","date_gmt":"2024-05-06T13:41:11","guid":{"rendered":"https:\/\/aguardela.com\/blog\/?page_id=665"},"modified":"2024-05-13T21:36:35","modified_gmt":"2024-05-13T21:36:35","slug":"sitiados-2","status":"publish","type":"page","link":"https:\/\/aguardela.com\/blog\/sitiados-2\/","title":{"rendered":"Sitiados"},"content":{"rendered":"<h2>Sitiados<\/h2>\n<p><iframe title=\"YouTube video player\" src=\"https:\/\/www.youtube.com\/embed\/a2LQeZNqE98?si=lTf7E3KzDrFP0c53\" width=\"560\" height=\"315\" frameborder=\"0\" allowfullscreen=\"allowfullscreen\"><\/iframe><\/p>\n<p>T\u00eam lugar reservado na Hist\u00f3ria da m\u00fasica popular feita em Portugal. Por sucessos como \u201cA Noite\u201d, \u201cVida de Marinheiro\u201d e \u201cA Cabana do Pai Tom\u00e1s\u201d, mas sobretudo por uma vis\u00e3o \u00fanica e genuinamente descomplexada da tradi\u00e7\u00e3o folcl\u00f3rica portuguesa. \u00c9 dif\u00edcil encontrar quem, tendo vivido na ocidental praia a d\u00e9cada de 90 do s\u00e9culo XX, n\u00e3o tenha sido assolado pelo vendaval dos Sitiados, particularmente demolidor ao vivo.<\/p>\n<p>* V\u00eddeos [ <a href=\"http:\/\/www.youtube.com\/user\/aperolanegra\">http:\/\/www.youtube.com\/user\/aperolanegra<\/a> ]<\/p>\n<p>ngg_shortcode_0_placeholder<br \/>\n&nbsp;&nbsp;<\/p>\n<h2>Discografia<\/h2>\n<p>&nbsp;<\/p>\n<p><iframe style=\"border-radius: 12px;\" src=\"https:\/\/open.spotify.com\/embed\/album\/5fzmk0VlqKmfJSs1B1hFVe?utm_source=generator\" width=\"100%\" height=\"352\" frameborder=\"0\" allowfullscreen=\"allowfullscreen\"><\/iframe><\/p>\n<p><iframe style=\"border-radius: 12px;\" src=\"https:\/\/open.spotify.com\/embed\/album\/5iVIda045bPBajFjjTnFu3?utm_source=generator\" width=\"100%\" height=\"352\" frameborder=\"0\" allowfullscreen=\"allowfullscreen\"><\/iframe><\/p>\n<p><iframe style=\"border-radius: 12px;\" src=\"https:\/\/open.spotify.com\/embed\/album\/7AecWCLJvK3I8IyVtIm5cP?utm_source=generator\" width=\"100%\" height=\"352\" frameborder=\"0\" allowfullscreen=\"allowfullscreen\"><\/iframe><\/p>\n<p><iframe style=\"border-radius: 12px;\" src=\"https:\/\/open.spotify.com\/embed\/album\/5ec6sYc04bqfbiVx37pZO3?utm_source=generator\" width=\"100%\" height=\"352\" frameborder=\"0\" allowfullscreen=\"allowfullscreen\"><\/iframe><\/p>\n<p><iframe style=\"border-radius: 12px;\" src=\"https:\/\/open.spotify.com\/embed\/album\/2z95HdB5jdXMynRiYzz33w?utm_source=generator\" width=\"100%\" height=\"352\" frameborder=\"0\" allowfullscreen=\"allowfullscreen\"><\/iframe><\/p>\n<div id=\"gtx-trans\" style=\"position: absolute; left: 111px; top: 589.094px;\">\n<div class=\"gtx-trans-icon\">&nbsp;<\/div>\n<\/div>\n","protected":false},"excerpt":{"rendered":"<p>Sitiados T\u00eam lugar reservado na Hist\u00f3ria da m\u00fasica popular feita em Portugal. Por sucessos como \u201cA Noite\u201d, \u201cVida de Marinheiro\u201d e \u201cA Cabana do Pai Tom\u00e1s\u201d, mas sobretudo por uma &#8230;<\/p>\n","protected":false},"author":1,"featured_media":0,"parent":0,"menu_order":0,"comment_status":"closed","ping_status":"closed","template":"","meta":{"ngg_post_thumbnail":0,"footnotes":""},"class_list":["post-665","page","type-page","status-publish","hentry"],"_links":{"self":[{"href":"https:\/\/aguardela.com\/blog\/wp-json\/wp\/v2\/pages\/665","targetHints":{"allow":["GET"]}}],"collection":[{"href":"https:\/\/aguardela.com\/blog\/wp-json\/wp\/v2\/pages"}],"about":[{"href":"https:\/\/aguardela.com\/blog\/wp-json\/wp\/v2\/types\/page"}],"author":[{"embeddable":true,"href":"https:\/\/aguardela.com\/blog\/wp-json\/wp\/v2\/users\/1"}],"replies":[{"embeddable":true,"href":"https:\/\/aguardela.com\/blog\/wp-json\/wp\/v2\/comments?post=665"}],"version-history":[{"count":10,"href":"https:\/\/aguardela.com\/blog\/wp-json\/wp\/v2\/pages\/665\/revisions"}],"predecessor-version":[{"id":768,"href":"https:\/\/aguardela.com\/blog\/wp-json\/wp\/v2\/pages\/665\/revisions\/768"}],"wp:attachment":[{"href":"https:\/\/aguardela.com\/blog\/wp-json\/wp\/v2\/media?parent=665"}],"curies":[{"name":"wp","href":"https:\/\/api.w.org\/{rel}","templated":true}]}}