{"id":666,"date":"2024-05-06T13:41:11","date_gmt":"2024-05-06T13:41:11","guid":{"rendered":"https:\/\/aguardela.com\/blog\/?page_id=666"},"modified":"2024-05-07T19:14:41","modified_gmt":"2024-05-07T19:14:41","slug":"a-naifa","status":"publish","type":"page","link":"https:\/\/aguardela.com\/blog\/a-naifa\/","title":{"rendered":"A Naifa"},"content":{"rendered":"<h2>A Naifa<\/h2>\n<p><iframe title=\"YouTube video player\" src=\"https:\/\/www.youtube.com\/embed\/videoseries?si=6sIk3DC7JgUg3OOu&amp;list=PLD97C8E7A019B6A17\" width=\"560\" height=\"315\" frameborder=\"0\" allowfullscreen=\"allowfullscreen\"><\/iframe><\/p>\n<p>Apesar de pontualmente confundida com o contingente de recria\u00e7\u00e3o \/ renova\u00e7\u00e3o \/ reinven\u00e7\u00e3o do fado, A Naifa \u00e9 uma exist\u00eancia pop com alma portuguesa, mais do que fadista. Entregues \u00e0s palavras de gente maior \u2013 de consagrados a praticamente an\u00f3nimos \u2013 os quatro criaram bases para o que parecia ter futuro tristonho. Transformaram em can\u00e7\u00f5es cosmopolitas e intemporais o cruzamento de subtis refer\u00eancias tiradas \u00e0 Hist\u00f3ria de cada um. E revelaram a voz assombrosa, naturalmente fadista, de Maria Ant\u00f3nia Mendes.<\/p>\n<p>* Videos [ <a href=\"http:\/\/www.youtube.com\/user\/anaifa\">http:\/\/www.youtube.com\/user\/anaifa<\/a> ]<br \/>\n* Site [ <a href=\"http:\/\/www.anaifa.com\/\">http:\/\/www.anaifa.com\/<\/a> ]<br \/>\n&nbsp;<\/p>\n<h2>Discografia<\/h2>\n<p>&nbsp;<br \/>\n<iframe style=\"border-radius: 12px;\" src=\"https:\/\/open.spotify.com\/embed\/album\/58oU4Uokg7x0eaoOhyMIL8?utm_source=generator\" width=\"100%\" height=\"352\" frameborder=\"0\" allowfullscreen=\"allowfullscreen\"><\/iframe><\/p>\n<p><iframe style=\"border-radius: 12px;\" src=\"https:\/\/open.spotify.com\/embed\/album\/24QwTQPTuB6QByKBVU7nvB?utm_source=generator\" width=\"100%\" height=\"352\" frameborder=\"0\" allowfullscreen=\"allowfullscreen\"><\/iframe><\/p>\n<p><iframe style=\"border-radius: 12px;\" src=\"https:\/\/open.spotify.com\/embed\/album\/52zGHUDUC5KpH9rSP650zM?utm_source=generator\" width=\"100%\" height=\"352\" frameborder=\"0\" allowfullscreen=\"allowfullscreen\"><\/iframe><\/p>\n<p><iframe style=\"border-radius: 12px;\" src=\"https:\/\/open.spotify.com\/embed\/album\/0oWd0v6DtI2LAEEMugpb8J?utm_source=generator\" width=\"100%\" height=\"352\" frameborder=\"0\" allowfullscreen=\"allowfullscreen\"><\/iframe><\/p>\n<p><iframe style=\"border-radius: 12px;\" src=\"https:\/\/open.spotify.com\/embed\/album\/2dGoE9wKsKWrwZAeR8IS8y?utm_source=generator\" width=\"100%\" height=\"352\" frameborder=\"0\" allowfullscreen=\"allowfullscreen\"><\/iframe><\/p>\n","protected":false},"excerpt":{"rendered":"<p>A Naifa Apesar de pontualmente confundida com o contingente de recria\u00e7\u00e3o \/ renova\u00e7\u00e3o \/ reinven\u00e7\u00e3o do fado, A Naifa \u00e9 uma exist\u00eancia pop com alma portuguesa, mais do que fadista. &#8230;<\/p>\n","protected":false},"author":1,"featured_media":0,"parent":0,"menu_order":0,"comment_status":"closed","ping_status":"closed","template":"","meta":{"ngg_post_thumbnail":0,"footnotes":""},"class_list":["post-666","page","type-page","status-publish","hentry"],"_links":{"self":[{"href":"https:\/\/aguardela.com\/blog\/wp-json\/wp\/v2\/pages\/666","targetHints":{"allow":["GET"]}}],"collection":[{"href":"https:\/\/aguardela.com\/blog\/wp-json\/wp\/v2\/pages"}],"about":[{"href":"https:\/\/aguardela.com\/blog\/wp-json\/wp\/v2\/types\/page"}],"author":[{"embeddable":true,"href":"https:\/\/aguardela.com\/blog\/wp-json\/wp\/v2\/users\/1"}],"replies":[{"embeddable":true,"href":"https:\/\/aguardela.com\/blog\/wp-json\/wp\/v2\/comments?post=666"}],"version-history":[{"count":6,"href":"https:\/\/aguardela.com\/blog\/wp-json\/wp\/v2\/pages\/666\/revisions"}],"predecessor-version":[{"id":784,"href":"https:\/\/aguardela.com\/blog\/wp-json\/wp\/v2\/pages\/666\/revisions\/784"}],"wp:attachment":[{"href":"https:\/\/aguardela.com\/blog\/wp-json\/wp\/v2\/media?parent=666"}],"curies":[{"name":"wp","href":"https:\/\/api.w.org\/{rel}","templated":true}]}}