{"id":667,"date":"2024-05-06T13:41:11","date_gmt":"2024-05-06T13:41:11","guid":{"rendered":"https:\/\/aguardela.com\/blog\/?page_id=667"},"modified":"2024-05-07T19:25:18","modified_gmt":"2024-05-07T19:25:18","slug":"linha-da-frente","status":"publish","type":"page","link":"https:\/\/aguardela.com\/blog\/linha-da-frente\/","title":{"rendered":"Linha da Frente"},"content":{"rendered":"<h2>Linha da Frente<\/h2>\n<p><iframe title=\"YouTube video player\" src=\"https:\/\/www.youtube.com\/embed\/Jq0kWWSM2po?si=k0PLo86wKwfshNqq\" width=\"560\" height=\"315\" frameborder=\"0\" allowfullscreen=\"allowfullscreen\"><\/iframe><\/p>\n<p>&nbsp;<\/p>\n<p>Nascida sob inspira\u00e7\u00e3o dos 25 anos da Revolu\u00e7\u00e3o de Abril, a Linha da Frente foi um supergrupo sem os tiques dos supergrupos. E, tamb\u00e9m a distingui-los, com m\u00fasica sobre as palavras de escultores da l\u00edngua, de Fernando Pessoa a Nat\u00e1lia Correia, de Ary dos Santos a Alexandre O\u2019Neill. Al\u00e9m do Jo\u00e3o, estiveram na Linha da Frente Lu\u00eds Varatojo, Viviane, Dora Fidalgo, Janelo, Prince Wadada e Rui Duarte.<\/p>\n<p>&nbsp;<\/p>\n<p>&nbsp;<\/p>\n<h2>Discografia<\/h2>\n<p><iframe style=\"border-radius: 12px;\" src=\"https:\/\/open.spotify.com\/embed\/artist\/2IGqNo0G7xf3a0Sx1sb6TH?utm_source=generator\" width=\"100%\" height=\"352\" frameborder=\"0\" allowfullscreen=\"allowfullscreen\"><\/iframe><\/p>\n<p>&nbsp;<\/p>\n<p><a href=\"https:\/\/aguardela.com\/blog\/wp-content\/uploads\/2024\/05\/linha_frente.jpg\"><img decoding=\"async\" class=\"size-full wp-image-474 alignleft\" src=\"https:\/\/aguardela.com\/blog\/wp-content\/uploads\/2024\/05\/linha_frente.jpg\" alt=\"Linha da Frente\" width=\"100%\" srcset=\"https:\/\/aguardela.com\/blog\/wp-content\/uploads\/2024\/05\/linha_frente.jpg 480w, https:\/\/aguardela.com\/blog\/wp-content\/uploads\/2024\/05\/linha_frente-300x89.jpg 300w\" sizes=\"(max-width: 480px) 100vw, 480px\" \/><\/a><\/p>\n","protected":false},"excerpt":{"rendered":"<p>Linha da Frente &nbsp; Nascida sob inspira\u00e7\u00e3o dos 25 anos da Revolu\u00e7\u00e3o de Abril, a Linha da Frente foi um supergrupo sem os tiques dos supergrupos. E, tamb\u00e9m a distingui-los, &#8230;<\/p>\n","protected":false},"author":1,"featured_media":0,"parent":0,"menu_order":0,"comment_status":"closed","ping_status":"closed","template":"","meta":{"ngg_post_thumbnail":0,"footnotes":""},"class_list":["post-667","page","type-page","status-publish","hentry"],"_links":{"self":[{"href":"https:\/\/aguardela.com\/blog\/wp-json\/wp\/v2\/pages\/667","targetHints":{"allow":["GET"]}}],"collection":[{"href":"https:\/\/aguardela.com\/blog\/wp-json\/wp\/v2\/pages"}],"about":[{"href":"https:\/\/aguardela.com\/blog\/wp-json\/wp\/v2\/types\/page"}],"author":[{"embeddable":true,"href":"https:\/\/aguardela.com\/blog\/wp-json\/wp\/v2\/users\/1"}],"replies":[{"embeddable":true,"href":"https:\/\/aguardela.com\/blog\/wp-json\/wp\/v2\/comments?post=667"}],"version-history":[{"count":9,"href":"https:\/\/aguardela.com\/blog\/wp-json\/wp\/v2\/pages\/667\/revisions"}],"predecessor-version":[{"id":787,"href":"https:\/\/aguardela.com\/blog\/wp-json\/wp\/v2\/pages\/667\/revisions\/787"}],"wp:attachment":[{"href":"https:\/\/aguardela.com\/blog\/wp-json\/wp\/v2\/media?parent=667"}],"curies":[{"name":"wp","href":"https:\/\/api.w.org\/{rel}","templated":true}]}}